{"id":17033,"date":"2023-11-21T17:32:26","date_gmt":"2023-11-21T14:32:26","guid":{"rendered":"https:\/\/bizix.com.tr\/?page_id=17033"},"modified":"2023-11-23T14:34:25","modified_gmt":"2023-11-23T11:34:25","slug":"bizix-kariyer-avcisi","status":"publish","type":"page","link":"https:\/\/bizix.com.tr\/de\/bizix-karrierejager\/","title":{"rendered":"Bizix-Karrierej\u00e4ger"},"content":{"rendered":"<div data-elementor-type=\"wp-page\" data-elementor-id=\"17033\" class=\"elementor elementor-17033\" data-elementor-post-type=\"page\">\n\t\t\t\t<div class=\"elementor-element elementor-element-1cc24f5 e-con-full e-flex e-con e-parent\" data-id=\"1cc24f5\" data-element_type=\"container\" data-e-type=\"container\">\n\t\t\t\t<div class=\"elementor-element elementor-element-f77945d elementor-widget elementor-widget-spacer\" data-id=\"f77945d\" data-element_type=\"widget\" data-e-type=\"widget\" data-widget_type=\"spacer.default\">\n\t\t\t\t<div class=\"elementor-widget-container\">\n\t\t\t\t\t\t\t<div class=\"elementor-spacer\">\n\t\t\t<div class=\"elementor-spacer-inner\"><\/div>\n\t\t<\/div>\n\t\t\t\t\t\t<\/div>\n\t\t\t\t<\/div>\n\t\t<div class=\"elementor-element elementor-element-fb943b2 e-con-full e-flex e-con e-child\" data-id=\"fb943b2\" data-element_type=\"container\" data-e-type=\"container\" data-settings=\"{&quot;background_background&quot;:&quot;classic&quot;}\">\n\t\t<div class=\"elementor-element elementor-element-0349349 e-flex e-con-boxed e-con e-child\" data-id=\"0349349\" data-element_type=\"container\" data-e-type=\"container\">\n\t\t\t\t\t<div class=\"e-con-inner\">\n\t\t\t\t<div class=\"elementor-element elementor-element-163585c elementor-widget elementor-widget-premium-addon-title\" data-id=\"163585c\" data-element_type=\"widget\" data-e-type=\"widget\" data-widget_type=\"premium-addon-title.default\">\n\t\t\t\t<div class=\"elementor-widget-container\">\n\t\t\t\t\t\n\t\t<div class=\"premium-title-wrapper\">\n\t\t\t<div class=\"premium-title-container style9\">\n\t\t\t\t<h1 class=\"premium-title-header premium-title-style9 premium-con-lq__\" data-blur-delay=\"2\">\n\t\t\t\t\t\n\t\t\t\t\t\n\t\t\t\t\t\t\t\t\t\t<span><span class=\"premium-title-style9-letter\" data-letter-index=\"1\" data-letter=\"B\">B<\/span><span class=\"premium-title-style9-letter\" data-letter-index=\"2\" data-letter=\"i\">i<\/span><span class=\"premium-title-style9-letter\" data-letter-index=\"3\" data-letter=\"z\">z<\/span><span class=\"premium-title-style9-letter\" data-letter-index=\"4\" data-letter=\"i\">i<\/span><span class=\"premium-title-style9-letter\" data-letter-index=\"5\" data-letter=\"x\">x<\/span><span class=\"premium-title-style9-letter\" data-letter-index=\"6\" data-letter=\" \"> <\/span><span class=\"premium-title-style9-letter\" data-letter-index=\"7\" data-letter=\"K\">K<\/span><span class=\"premium-title-style9-letter\" data-letter-index=\"8\" data-letter=\"a\">a<\/span><span class=\"premium-title-style9-letter\" data-letter-index=\"9\" data-letter=\"r\">r<\/span><span class=\"premium-title-style9-letter\" data-letter-index=\"10\" data-letter=\"i\">i<\/span><span class=\"premium-title-style9-letter\" data-letter-index=\"11\" data-letter=\"y\">y<\/span><span class=\"premium-title-style9-letter\" data-letter-index=\"12\" data-letter=\"e\">e<\/span><span class=\"premium-title-style9-letter\" data-letter-index=\"13\" data-letter=\"r\">r<\/span><span class=\"premium-title-style9-letter\" data-letter-index=\"14\" data-letter=\" \"> <\/span><span class=\"premium-title-style9-letter\" data-letter-index=\"15\" data-letter=\"A\">A<\/span><span class=\"premium-title-style9-letter\" data-letter-index=\"16\" data-letter=\"v\">v<\/span><span class=\"premium-title-style9-letter\" data-letter-index=\"17\" data-letter=\"c\">c<\/span><span class=\"premium-title-style9-letter\" data-letter-index=\"18\" data-letter=\"\u0131\">\u0131<\/span><span class=\"premium-title-style9-letter\" data-letter-index=\"19\" data-letter=\"s\">s<\/span><span class=\"premium-title-style9-letter\" data-letter-index=\"20\" data-letter=\"\u0131\">\u0131<\/span><\/span>\t\t\t\t\t\n\t\t\t\t\t\t\t\t\t\t\n\t\t\t\t\t\t\t\t\t<\/h1>\n\n\t\t\t<\/div>\n\n\t\t\t\t\t<\/div>\n\n\t\t\t\t\t\t<\/div>\n\t\t\t\t<\/div>\n\t\t\t\t\t<\/div>\n\t\t\t\t<\/div>\n\t\t\t\t<\/div>\n\t\t\t\t<\/div>\n\t\t<div class=\"elementor-element elementor-element-33537ba e-flex e-con-boxed e-con e-parent\" data-id=\"33537ba\" data-element_type=\"container\" data-e-type=\"container\">\n\t\t\t\t\t<div class=\"e-con-inner\">\n\t\t\t\t<div class=\"elementor-element elementor-element-93935c8 elementor-widget elementor-widget-spacer\" data-id=\"93935c8\" data-element_type=\"widget\" data-e-type=\"widget\" data-widget_type=\"spacer.default\">\n\t\t\t\t<div class=\"elementor-widget-container\">\n\t\t\t\t\t\t\t<div class=\"elementor-spacer\">\n\t\t\t<div class=\"elementor-spacer-inner\"><\/div>\n\t\t<\/div>\n\t\t\t\t\t\t<\/div>\n\t\t\t\t<\/div>\n\t\t\t\t\t<\/div>\n\t\t\t\t<\/div>\n\t\t<div class=\"elementor-element elementor-element-ca0f49f e-flex e-con-boxed e-con e-parent\" data-id=\"ca0f49f\" data-element_type=\"container\" data-e-type=\"container\">\n\t\t\t\t\t<div class=\"e-con-inner\">\n\t\t<div class=\"elementor-element elementor-element-e13be4f e-con-full e-flex e-con e-child\" data-id=\"e13be4f\" data-element_type=\"container\" data-e-type=\"container\">\n\t\t\t\t<div class=\"elementor-element elementor-element-140093a elementor-widget elementor-widget-text-editor\" data-id=\"140093a\" data-element_type=\"widget\" data-e-type=\"widget\" data-widget_type=\"text-editor.default\">\n\t\t\t\t<div class=\"elementor-widget-container\">\n\t\t\t\t\t\t\t\t\t<p><b>Bizix-Karrierej\u00e4ger<\/b>spielt in der \"<strong>Hotelbranche<\/strong>\u201c eine wichtige Rolle im Bereich der Beratung bei der Auswahl von F\u00fchrungskr\u00e4ften. Wir unterst\u00fctzen unsere Firmen- und Privatkunden bei der Suche, Entwicklung und F\u00fchrung der am besten geeigneten F\u00fchrungskr\u00e4fte. Wir bieten Dienstleistungen wie CEO-Suche, Executive Search, Beratersuche, Managerbewertung, individuelle Entwicklung, beschleunigte Anpassung, Entwicklungsplanung, Coaching, Teamreise, F\u00fchrungsprogramme und Unternehmenstransformation an.<\/p><p>Unser Lead-Suchservice f\u00fcr Hotelunternehmen ist viel mehr als eine Auswahl, die mitten im Prozess getroffen wird. Die Rolle des CEO ist von entscheidender Bedeutung, insbesondere im heutigen Umfeld der Komplexit\u00e4t und Variabilit\u00e4t. Diese Unsicherheiten erfordern eine pragmatische und anpassungsf\u00e4hige Sicht auf die Gesch\u00e4fts- und F\u00fchrungsbed\u00fcrfnisse des CEO. Diese Perspektive sollte w\u00e4hrend einer \u00dcbergangszeit regelm\u00e4\u00dfig \u00fcberpr\u00fcft werden. Wir k\u00f6nnen in jeder Phase des F\u00fchrungswechsels mit Ihnen zusammenarbeiten, um den F\u00fchrungswechsel, die \u00dcbergabe und das Onboarding-Protokoll umfassend und effektiv durchzuf\u00fchren.<\/p><p><strong>Bizix-Karrierej\u00e4ger<\/strong> Wir helfen unseren Kunden, pers\u00f6nlich und beruflich erfolgreich zu sein und eine bessere Welt f\u00fcr F\u00fchrungskr\u00e4fte zu schaffen. Unsere in vielen St\u00e4dten ans\u00e4ssigen Berater bieten Ihnen die volle Leistungsf\u00e4higkeit unseres Unternehmens und arbeiten nahtlos \u00fcber Regionen, Sektoren und Funktionen hinweg zusammen. 80 % unserer Projekte kommen von Stammkunden, die uns vertrauen.<\/p><p>Wir freuen uns darauf, Sie kennenzulernen und Ihre F\u00fchrungsbed\u00fcrfnisse zu besprechen. Wir von\u00a0<a class=\"ac-anchor\" href=\"https:\/\/bizix.com.tr\/de\/iletisim\/\" target=\"_blank\" rel=\"noopener\">hier<\/a>\u00a0du kannst erreichen.<\/p>\t\t\t\t\t\t\t\t<\/div>\n\t\t\t\t<\/div>\n\t\t\t\t<\/div>\n\t\t<div class=\"elementor-element elementor-element-2a11a40 e-con-full e-flex e-con e-child\" data-id=\"2a11a40\" data-element_type=\"container\" data-e-type=\"container\">\n\t\t<div class=\"elementor-element elementor-element-54f8eb3 e-flex e-con-boxed e-con e-child\" data-id=\"54f8eb3\" data-element_type=\"container\" data-e-type=\"container\">\n\t\t\t\t\t<div class=\"e-con-inner\">\n\t\t\t\t<div class=\"elementor-element elementor-element-222422f elementor-widget elementor-widget-premium-addon-image-button\" data-id=\"222422f\" data-element_type=\"widget\" data-e-type=\"widget\" data-widget_type=\"premium-addon-image-button.default\">\n\t\t\t\t<div class=\"elementor-widget-container\">\n\t\t\t\t\t\n\t\t<a class=\"premium-image-button-style4 premium-image-button premium-btn-md premium-image-button-style4-bottom\" href=\"https:\/\/bhh.bizix.com.tr\/login.php\" target=\"_blank\" rel=\"nofollow\">\n\t\t\t<div class=\"premium-image-button-text-icon-wrapper\">\n\n\t\t\t\t\n\t\t\t\t\t\t\t\t\t<span >\n\t\t\t\t\t\tMelden Sie sich beim System an\t\t\t\t\t<\/span>\n\t\t\t\t\n\t\t\t<\/div>\n\n\t\t\t\t\t\t\t<div class=\"premium-image-button-style4-icon-wrapper bottom\">\n\t\t\t\t\t\t\t\t\t\t\t<svg aria-hidden=\"true\" class=\"e-font-icon-svg e-fas-rocket\" viewbox=\"0 0 512 512\" xmlns=\"http:\/\/www.w3.org\/2000\/svg\"><path d=\"M505.12019,19.09375c-1.18945-5.53125-6.65819-11-12.207-12.1875C460.716,0,435.507,0,410.40747,0,307.17523,0,245.26909,55.20312,199.05238,128H94.83772c-16.34763.01562-35.55658,11.875-42.88664,26.48438L2.51562,253.29688A28.4,28.4,0,0,0,0,264a24.00867,24.00867,0,0,0,24.00582,24H127.81618l-22.47457,22.46875c-11.36521,11.36133-12.99607,32.25781,0,45.25L156.24582,406.625c11.15623,11.1875,32.15619,13.15625,45.27726,0l22.47457-22.46875V488a24.00867,24.00867,0,0,0,24.00581,24,28.55934,28.55934,0,0,0,10.707-2.51562l98.72834-49.39063c14.62888-7.29687,26.50776-26.5,26.50776-42.85937V312.79688c72.59753-46.3125,128.03493-108.40626,128.03493-211.09376C512.07526,76.5,512.07526,51.29688,505.12019,19.09375ZM384.04033,168A40,40,0,1,1,424.05,128,40.02322,40.02322,0,0,1,384.04033,168Z\"><\/path><\/svg>\t\t\t\t<\/div>\n\t\t\t\n\t\t\t\n\t\t\t\n\t\t<\/a>\n\n\t\t\t\t\t\t<\/div>\n\t\t\t\t<\/div>\n\t\t\t\t<div class=\"elementor-element elementor-element-991942a elementor-widget elementor-widget-premium-addon-video-box\" data-id=\"991942a\" data-element_type=\"widget\" data-e-type=\"widget\" data-settings=\"{&quot;premium_video_box_video_type&quot;:&quot;self&quot;,&quot;aspect_ratio&quot;:&quot;169&quot;}\" data-widget_type=\"premium-addon-video-box.default\">\n\t\t\t\t<div class=\"elementor-widget-container\">\n\t\t\t\t\t\n\n\t\t\n\t\t\t\t\t<div id=\"premium-video-box-container-991942a\" class=\"premium-video-box-container\" data-overlay=\"false\" data-type=\"self\" data-thumbnail=\"\" data-hover=\"none\">\n\t\t\t\t<div  >\n\t\t\t\t\t\n\t\t\t\t\t<div class=\"premium-video-box-inner-wrap\" data-video-animation=\" animated-\" data-delay-animation=\"\">\n\t\t\t\t\t\t<div class=\"premium-video-box-video-container\">\n\t\t\t\t\t\t\t\n\t\t\t\t\t\t\t\t\t\t\t\t\t\t\t<video src=\"https:\/\/bizix.com.tr\/wp-content\/uploads\/2023\/11\/kariyer-avcisi1.mp4\" loop playsinline autoplay controlslist=\"nodownload\"><\/video>\n\t\t\t\t\t\t\t\t\t\t\t\t\t<\/div>\n\t\t\t\t\t\t\t<div style=\"background-image:transparent\" class=\"premium-video-box-image-container none\"><\/div>\n\t\t\t\t\t\t\t\t\t\t\t\t\t\t\t\t\t\t\t\t\t\t\t\t\t\t\t\t\t\t\t<\/div>\n\n\t\t\t\t<\/div>\n\t\t\t<\/div>\n\t\t\n\t\t\t\t\t\t<\/div>\n\t\t\t\t<\/div>\n\t\t\t\t\t<\/div>\n\t\t\t\t<\/div>\n\t\t<div class=\"elementor-element elementor-element-157728d e-flex e-con-boxed e-con e-child\" data-id=\"157728d\" data-element_type=\"container\" data-e-type=\"container\">\n\t\t\t\t\t<div class=\"e-con-inner\">\n\t\t\t\t<div class=\"elementor-element elementor-element-3f649cc elementor-widget elementor-widget-text-editor\" data-id=\"3f649cc\" data-element_type=\"widget\" data-e-type=\"widget\" data-widget_type=\"text-editor.default\">\n\t\t\t\t<div class=\"elementor-widget-container\">\n\t\t\t\t\t\t\t\t\t<p><strong>Bizix-Karrierej\u00e4ger<\/strong>ist eines der f\u00fchrenden t\u00fcrkischen Unternehmen im Bereich F\u00fchrungsberatung in der Hotelbranche. Wir unterst\u00fctzen unsere im Gastgewerbe t\u00e4tigen Firmen- und Privatkunden bei der Suche, Entwicklung und F\u00fchrung der am besten geeigneten F\u00fchrungskr\u00e4fte. Wir bieten Dienstleistungen wie CEO-Suche, Executive Search, Beratersuche, Managerbewertung, individuelle Entwicklung, beschleunigte Anpassung, Entwicklungsplanung, Coaching, Teamreise, F\u00fchrungsprogramme und Unternehmenstransformation an.<\/p>\t\t\t\t\t\t\t\t<\/div>\n\t\t\t\t<\/div>\n\t\t\t\t\t<\/div>\n\t\t\t\t<\/div>\n\t\t\t\t<\/div>\n\t\t\t\t\t<\/div>\n\t\t\t\t<\/div>\n\t\t<div class=\"elementor-element elementor-element-33160c1 e-flex e-con-boxed e-con e-parent\" data-id=\"33160c1\" data-element_type=\"container\" data-e-type=\"container\">\n\t\t\t\t\t<div class=\"e-con-inner\">\n\t\t<div class=\"elementor-element elementor-element-9169af5 e-con-full e-flex e-con e-child\" data-id=\"9169af5\" data-element_type=\"container\" data-e-type=\"container\">\n\t\t\t\t<div class=\"elementor-element elementor-element-27f20fb elementor-widget elementor-widget-premium-addon-video-box\" data-id=\"27f20fb\" data-element_type=\"widget\" data-e-type=\"widget\" data-settings=\"{&quot;premium_video_box_video_type&quot;:&quot;self&quot;,&quot;aspect_ratio&quot;:&quot;916&quot;}\" data-widget_type=\"premium-addon-video-box.default\">\n\t\t\t\t<div class=\"elementor-widget-container\">\n\t\t\t\t\t\n\n\t\t\n\t\t\t\t\t<div id=\"premium-video-box-container-27f20fb\" class=\"premium-video-box-container\" data-overlay=\"false\" data-type=\"self\" data-thumbnail=\"\" data-hover=\"none\">\n\t\t\t\t<div  >\n\t\t\t\t\t\n\t\t\t\t\t<div class=\"premium-video-box-inner-wrap\" data-video-animation=\" animated-\" data-delay-animation=\"\">\n\t\t\t\t\t\t<div class=\"premium-video-box-video-container\">\n\t\t\t\t\t\t\t\n\t\t\t\t\t\t\t\t\t\t\t\t\t\t\t<video src=\"https:\/\/bizix.com.tr\/wp-content\/uploads\/2023\/11\/video-8.mp4\" loop playsinline autoplay controlslist=\"nodownload\"><\/video>\n\t\t\t\t\t\t\t\t\t\t\t\t\t<\/div>\n\t\t\t\t\t\t\t<div style=\"background-image:transparent\" class=\"premium-video-box-image-container none\"><\/div>\n\t\t\t\t\t\t\t\t\t\t\t\t\t\t\t\t\t\t\t\t\t\t\t\t\t\t\t\t\t\t\t<\/div>\n\n\t\t\t\t<\/div>\n\t\t\t<\/div>\n\t\t\n\t\t\t\t\t\t<\/div>\n\t\t\t\t<\/div>\n\t\t\t\t<\/div>\n\t\t<div class=\"elementor-element elementor-element-6725798 e-con-full e-flex e-con e-child\" data-id=\"6725798\" data-element_type=\"container\" data-e-type=\"container\">\n\t\t\t\t<div class=\"elementor-element elementor-element-10afc16 elementor-widget elementor-widget-text-editor\" data-id=\"10afc16\" data-element_type=\"widget\" data-e-type=\"widget\" data-widget_type=\"text-editor.default\">\n\t\t\t\t<div class=\"elementor-widget-container\">\n\t\t\t\t\t\t\t\t\t<p>Der Bizix Career Hunter versteht die t\u00e4glichen Herausforderungen der Hotelbranche:<\/p><ul><li>die Notwendigkeit einer schnellen Rekrutierung,<\/li><li>wie wichtig es ist, Talente zu finden, die zu Ihrem Konzept passen und<\/li><li>Mangel an Talenten auf dem heutigen Markt.<\/li><\/ul><p>\u00a0<\/p><p>Als erfahrenes Beratungsunternehmen f\u00fcr das Gastgewerbe wissen wir, dass der Aufbau eines erfolgreichen Gastgewerbeunternehmens ein von Variablen abh\u00e4ngiges Ziel ist. Ein erfolgreiches Unternehmen wird mit sorgf\u00e4ltig ausgew\u00e4hlten Hauptakteuren aufgebaut.<\/p><p>Vom CEO bis zum Sous Chef ist jede Rolle von entscheidender Bedeutung. Der Verlust eines wichtigen Teammitglieds ist ein kritischer Moment f\u00fcr ein Hotelunternehmen und kann sich auf dessen Verlauf auswirken. Unsere Berater wissen das genau, denn auch wir haben es erlebt. Unsere Hotelberater verf\u00fcgen \u00fcber umfassende operative Erfahrung und wissen, was f\u00fcr den Aufbau eines erfolgreichen Unternehmens erforderlich ist.<\/p>\t\t\t\t\t\t\t\t<\/div>\n\t\t\t\t<\/div>\n\t\t\t\t<div class=\"elementor-element elementor-element-05ac7c6 elementor-widget elementor-widget-text-editor\" data-id=\"05ac7c6\" data-element_type=\"widget\" data-e-type=\"widget\" data-widget_type=\"text-editor.default\">\n\t\t\t\t<div class=\"elementor-widget-container\">\n\t\t\t\t\t\t\t\t\t<p>Unsere Hospitality-Berater sind stark im Hotelgewerbe verwurzelt. Dank ihres Engagements f\u00fcr pers\u00f6nliche Beziehungen garantieren sie, dass Talente mit Unternehmen zusammengebracht werden.<\/p><p><strong>Bizix-Karrierej\u00e4ger<\/strong> Wir helfen unseren Kunden, pers\u00f6nlich und beruflich erfolgreich zu sein und eine bessere Welt f\u00fcr F\u00fchrungskr\u00e4fte zu schaffen. Wir freuen uns darauf, Sie kennenzulernen und Ihre F\u00fchrungsbed\u00fcrfnisse zu besprechen.<\/p>\t\t\t\t\t\t\t\t<\/div>\n\t\t\t\t<\/div>\n\t\t\t\t<\/div>\n\t\t\t\t\t<\/div>\n\t\t\t\t<\/div>\n\t\t<div class=\"elementor-element elementor-element-44ad583 e-flex e-con-boxed e-con e-parent\" data-id=\"44ad583\" data-element_type=\"container\" data-e-type=\"container\" id=\"register\">\n\t\t\t\t\t<div class=\"e-con-inner\">\n\t\t\t\t<div class=\"elementor-element elementor-element-be98758 pa-icon-pos-before premium-lq__none elementor-widget elementor-widget-premium-addon-button\" data-id=\"be98758\" data-element_type=\"widget\" data-e-type=\"widget\" data-widget_type=\"premium-addon-button.default\">\n\t\t\t\t<div class=\"elementor-widget-container\">\n\t\t\t\t\t\n\n\t\t<a class=\"premium-button premium-button-style1 premium-btn-lg premium-button-style1-bottom\" href=\"#reg-popup\">\n\t\t\t<div class=\"premium-button-text-icon-wrapper\">\n\t\t\t\t\n\t\t\t\t\t\t\t\t\t\t\t\t\t\t\t\t\t\t<svg class=\"svg-inline--fas-fa-sign-in-alt premium-drawable-icon premium-svg-nodraw\" aria-hidden='true' xmlns='http:\/\/www.w3.org\/2000\/svg' viewbox='0 0 512 512'><path d=\"M416 448h-84c-6.6 0-12-5.4-12-12v-40c0-6.6 5.4-12 12-12h84c17.7 0 32-14.3 32-32V160c0-17.7-14.3-32-32-32h-84c-6.6 0-12-5.4-12-12V76c0-6.6 5.4-12 12-12h84c53 0 96 43 96 96v192c0 53-43 96-96 96zm-47-201L201 79c-15-15-41-4.5-41 17v96H24c-13.3 0-24 10.7-24 24v96c0 13.3 10.7 24 24 24h136v96c0 21.5 26 32 41 17l168-168c9.3-9.4 9.3-24.6 0-34z\"><\/path><\/svg>\t\t\t\t\t\t\t\t\t\t\t\t\t\t\t\n\t\t\t\t\t\t\t\t\t<span >\n\t\t\t\t\t\tJetzt registrieren\t\t\t\t\t<\/span>\n\t\t\t\t\t\t\t<\/div>\n\n\t\t\t\n\t\t\t\n\t\t\t\n\t\t<\/a>\n\n\n\t\t\t\t\t\t<\/div>\n\t\t\t\t<\/div>\n\t\t\t\t\t<\/div>\n\t\t\t\t<\/div>\n\t\t<div class=\"elementor-element elementor-element-5680dc4 e-flex e-con-boxed e-con e-parent\" data-id=\"5680dc4\" data-element_type=\"container\" data-e-type=\"container\" data-settings=\"{&quot;background_background&quot;:&quot;classic&quot;}\">\n\t\t\t\t\t<div class=\"e-con-inner\">\n\t\t<div class=\"elementor-element elementor-element-dba37ad e-flex e-con-boxed e-con e-child\" data-id=\"dba37ad\" data-element_type=\"container\" data-e-type=\"container\">\n\t\t\t\t\t<div class=\"e-con-inner\">\n\t\t\t\t<div class=\"elementor-element elementor-element-6901897 premium-title-flex-start premium-title-color elementor-widget elementor-widget-premium-addon-title\" data-id=\"6901897\" data-element_type=\"widget\" data-e-type=\"widget\" data-widget_type=\"premium-addon-title.default\">\n\t\t\t\t<div class=\"elementor-widget-container\">\n\t\t\t\t\t\n\t\t<div class=\"premium-title-wrapper\">\n\t\t\t<div class=\"premium-title-container style3\">\n\t\t\t\t<h2 class=\"premium-title-header premium-title-style3\">\n\t\t\t\t\t\n\t\t\t\t\t\n\t\t\t\t\t\t\t\t\t\t\t\t\t\t\t<span class=\"premium-title-text\">\n\t\t\t\t\t\tWir \u00f6ffnen die T\u00fcr, drinnen zu bleiben ist Ihr K\u00f6nnen!\t\t\t\t\t<\/span>\n\t\t\t\t\t\t\n\t\t\t\t\t\t\t\t\t\t\n\t\t\t\t\t\t\t\t\t<\/h2>\n\n\t\t\t<\/div>\n\n\t\t\t\t\t<\/div>\n\n\t\t\t\t\t\t<\/div>\n\t\t\t\t<\/div>\n\t\t\t\t\t<\/div>\n\t\t\t\t<\/div>\n\t\t\t\t\t<\/div>\n\t\t\t\t<\/div>\n\t\t<div class=\"elementor-element elementor-element-06c19d9 e-flex e-con-boxed e-con e-parent\" data-id=\"06c19d9\" data-element_type=\"container\" data-e-type=\"container\">\n\t\t\t\t\t<div class=\"e-con-inner\">\n\t\t\t\t<div class=\"elementor-element elementor-element-805bcc7 elementor-widget elementor-widget-premium-addon-banner\" data-id=\"805bcc7\" data-element_type=\"widget\" data-e-type=\"widget\" data-widget_type=\"premium-addon-banner.default\">\n\t\t\t\t<div class=\"elementor-widget-container\">\n\t\t\t\t\t\t\t<div class=\"premium-banner-ib premium-banner-min-height premium-banner-animation4 none premium-banner__effect-type2\">\n\t\t\t\t\t\t\t\t\t\t<img fetchpriority=\"high\" decoding=\"async\" width=\"997\" height=\"501\" src=\"https:\/\/bizix.com.tr\/wp-content\/uploads\/2023\/11\/positions-3.png\" class=\"attachment-full size-full wp-image-17048\" alt=\"Bizix-Karrierej\u00e4ger\" srcset=\"https:\/\/bizix.com.tr\/wp-content\/uploads\/2023\/11\/positions-3.png 997w, https:\/\/bizix.com.tr\/wp-content\/uploads\/2023\/11\/positions-3-300x151.png 300w, https:\/\/bizix.com.tr\/wp-content\/uploads\/2023\/11\/positions-3-768x386.png 768w, https:\/\/bizix.com.tr\/wp-content\/uploads\/2023\/11\/positions-3-18x9.png 18w\" sizes=\"(max-width: 997px) 100vw, 997px\" \/>\t\t\t\t\t\t\t\t\t<div class=\"premium-banner-ib-desc\">\n\t\t\t\t\n\t\t\t\t\n\t\t\t\t\n\t\t\t\t\n\t\t\t\t\t\t\t<\/div>\n\t\t\t\t\t<\/div>\n\n\t\t\t\t\t\t<\/div>\n\t\t\t\t<\/div>\n\t\t\t\t\t<\/div>\n\t\t\t\t<\/div>\n\t\t\t\t<\/div>","protected":false},"excerpt":{"rendered":"<p>Bizix Kariyer Avc\u0131s\u0131, lider se\u00e7imi dan\u0131\u015fmanl\u0131\u011f\u0131 alan\u0131nda &#8220;Otel End\u00fcstrisinde&#8221; \u00f6nemli bir role sahiptir. Kurumsal ve bireysel dan\u0131\u015fanlar\u0131m\u0131za, en uygun liderleri bulma, geli\u015ftirme ve y\u00f6nlendirme konusunda destek veriyoruz.<\/p>","protected":false},"author":1,"featured_media":17037,"parent":0,"menu_order":0,"comment_status":"closed","ping_status":"closed","template":"","meta":{"_joinchat":[],"footnotes":""},"class_list":["post-17033","page","type-page","status-publish","has-post-thumbnail","hentry"],"_links":{"self":[{"href":"https:\/\/bizix.com.tr\/de\/wp-json\/wp\/v2\/pages\/17033","targetHints":{"allow":["GET"]}}],"collection":[{"href":"https:\/\/bizix.com.tr\/de\/wp-json\/wp\/v2\/pages"}],"about":[{"href":"https:\/\/bizix.com.tr\/de\/wp-json\/wp\/v2\/types\/page"}],"author":[{"embeddable":true,"href":"https:\/\/bizix.com.tr\/de\/wp-json\/wp\/v2\/users\/1"}],"replies":[{"embeddable":true,"href":"https:\/\/bizix.com.tr\/de\/wp-json\/wp\/v2\/comments?post=17033"}],"version-history":[{"count":0,"href":"https:\/\/bizix.com.tr\/de\/wp-json\/wp\/v2\/pages\/17033\/revisions"}],"wp:featuredmedia":[{"embeddable":true,"href":"https:\/\/bizix.com.tr\/de\/wp-json\/wp\/v2\/media\/17037"}],"wp:attachment":[{"href":"https:\/\/bizix.com.tr\/de\/wp-json\/wp\/v2\/media?parent=17033"}],"curies":[{"name":"wp","href":"https:\/\/api.w.org\/{rel}","templated":true}]}}