{"id":17736,"date":"2024-08-14T09:44:12","date_gmt":"2024-08-14T06:44:12","guid":{"rendered":"https:\/\/bizix.com.tr\/?page_id=17736"},"modified":"2024-08-14T09:52:24","modified_gmt":"2024-08-14T06:52:24","slug":"qr-kod-otel-rehberi","status":"publish","type":"page","link":"https:\/\/bizix.com.tr\/de\/qr-kod-otel-rehberi\/","title":{"rendered":"QR Kod Otel Rehberi"},"content":{"rendered":"<div data-elementor-type=\"wp-page\" data-elementor-id=\"17736\" class=\"elementor elementor-17736\" data-elementor-post-type=\"page\">\n\t\t\t\t<div class=\"elementor-element elementor-element-c04e8b3 e-flex e-con-boxed e-con e-parent\" data-id=\"c04e8b3\" data-element_type=\"container\" data-e-type=\"container\">\n\t\t\t\t\t<div class=\"e-con-inner\">\n\t\t\t\t<div class=\"elementor-element elementor-element-f68a8e4 elementor-widget elementor-widget-image\" data-id=\"f68a8e4\" data-element_type=\"widget\" data-e-type=\"widget\" data-widget_type=\"image.default\">\n\t\t\t\t<div class=\"elementor-widget-container\">\n\t\t\t\t\t\t\t\t\t\t\t\t\t\t\t<img fetchpriority=\"high\" decoding=\"async\" width=\"800\" height=\"800\" src=\"https:\/\/bizix.com.tr\/wp-content\/uploads\/2024\/08\/directory_tent_card.png\" class=\"attachment-large size-large wp-image-17741\" alt=\"directory_tent_card\" srcset=\"https:\/\/bizix.com.tr\/wp-content\/uploads\/2024\/08\/directory_tent_card.png 1000w, https:\/\/bizix.com.tr\/wp-content\/uploads\/2024\/08\/directory_tent_card-300x300.png 300w, https:\/\/bizix.com.tr\/wp-content\/uploads\/2024\/08\/directory_tent_card-150x150.png 150w, https:\/\/bizix.com.tr\/wp-content\/uploads\/2024\/08\/directory_tent_card-768x768.png 768w, https:\/\/bizix.com.tr\/wp-content\/uploads\/2024\/08\/directory_tent_card-12x12.png 12w\" sizes=\"(max-width: 800px) 100vw, 800px\" \/>\t\t\t\t\t\t\t\t\t\t\t\t\t\t\t<\/div>\n\t\t\t\t<\/div>\n\t\t\t\t<div class=\"elementor-element elementor-element-9763057 elementor-widget elementor-widget-image\" data-id=\"9763057\" data-element_type=\"widget\" data-e-type=\"widget\" data-widget_type=\"image.default\">\n\t\t\t\t<div class=\"elementor-widget-container\">\n\t\t\t\t\t\t\t\t\t\t\t\t\t\t\t<img decoding=\"async\" width=\"800\" height=\"800\" src=\"https:\/\/bizix.com.tr\/wp-content\/uploads\/2024\/08\/Smart-Phone-Mockup.png\" class=\"attachment-large size-large wp-image-17740\" alt=\"Smart-Phone-Mockup\" srcset=\"https:\/\/bizix.com.tr\/wp-content\/uploads\/2024\/08\/Smart-Phone-Mockup.png 1000w, https:\/\/bizix.com.tr\/wp-content\/uploads\/2024\/08\/Smart-Phone-Mockup-300x300.png 300w, https:\/\/bizix.com.tr\/wp-content\/uploads\/2024\/08\/Smart-Phone-Mockup-150x150.png 150w, https:\/\/bizix.com.tr\/wp-content\/uploads\/2024\/08\/Smart-Phone-Mockup-768x768.png 768w, https:\/\/bizix.com.tr\/wp-content\/uploads\/2024\/08\/Smart-Phone-Mockup-12x12.png 12w\" sizes=\"(max-width: 800px) 100vw, 800px\" \/>\t\t\t\t\t\t\t\t\t\t\t\t\t\t\t<\/div>\n\t\t\t\t<\/div>\n\t\t\t\t\t<\/div>\n\t\t\t\t<\/div>\n\t\t<div class=\"elementor-element elementor-element-f2ee210 e-flex e-con-boxed e-con e-parent\" data-id=\"f2ee210\" data-element_type=\"container\" data-e-type=\"container\">\n\t\t\t\t\t<div class=\"e-con-inner\">\n\t\t\t\t<div class=\"elementor-element elementor-element-dd48d88 elementor-widget elementor-widget-heading\" data-id=\"dd48d88\" data-element_type=\"widget\" data-e-type=\"widget\" data-widget_type=\"heading.default\">\n\t\t\t\t<div class=\"elementor-widget-container\">\n\t\t\t\t\t<h1 class=\"elementor-heading-title elementor-size-default\">Dijital Otel Misafir Rehberi<\/h1>\t\t\t\t<\/div>\n\t\t\t\t<\/div>\n\t\t\t\t<div class=\"elementor-element elementor-element-36dec3c elementor-widget elementor-widget-text-editor\" data-id=\"36dec3c\" data-element_type=\"widget\" data-e-type=\"widget\" data-widget_type=\"text-editor.default\">\n\t\t\t\t<div class=\"elementor-widget-container\">\n\t\t\t\t\t\t\t\t\t<p>Dijital Otel Misafir Rehberimiz, her zaman misafirlerinizin parmaklar\u0131n\u0131n ucunda olan etkile\u015fimli bir dijital veri deposundan olanaklar\u0131, teklifleri, misafir hizmetleri bilgilerini ve daha fazlas\u0131n\u0131 etkili bir \u015fekilde iletmenizi sa\u011flar.<\/p>\t\t\t\t\t\t\t\t<\/div>\n\t\t\t\t<\/div>\n\t\t\t\t\t<\/div>\n\t\t\t\t<\/div>\n\t\t<div class=\"elementor-element elementor-element-02c2d8c e-flex e-con-boxed e-con e-parent\" data-id=\"02c2d8c\" data-element_type=\"container\" data-e-type=\"container\">\n\t\t\t\t\t<div class=\"e-con-inner\">\n\t\t\t\t<div class=\"elementor-element elementor-element-cde9c54 elementor-widget elementor-widget-heading\" data-id=\"cde9c54\" data-element_type=\"widget\" data-e-type=\"widget\" data-widget_type=\"heading.default\">\n\t\t\t\t<div class=\"elementor-widget-container\">\n\t\t\t\t\t<h2 class=\"elementor-heading-title elementor-size-default\">Daha az da\u011f\u0131n\u0131kl\u0131k. Daha fazla misafir kat\u0131l\u0131m\u0131.<\/h2>\t\t\t\t<\/div>\n\t\t\t\t<\/div>\n\t\t\t\t<div class=\"elementor-element elementor-element-55f53c1 elementor-widget elementor-widget-text-editor\" data-id=\"55f53c1\" data-element_type=\"widget\" data-e-type=\"widget\" data-widget_type=\"text-editor.default\">\n\t\t\t\t<div class=\"elementor-widget-container\">\n\t\t\t\t\t\t\t\t\t<p>Ka\u011f\u0131t otel \u00f6zetlerini, olanak bilgilerini ve daha fazlas\u0131n\u0131, bir ba\u011flant\u0131 veya QR koduyla kolayca eri\u015filebilen tek bir dijital dizine d\u00f6n\u00fc\u015ft\u00fcr\u00fcn. Tesisler i\u00e7eri\u011fi ger\u00e7ek zamanl\u0131 olarak kontrol ederken konuklar gerekli t\u00fcm hizmet bilgilerini kendi cihazlar\u0131ndan al\u0131r.<\/p>\t\t\t\t\t\t\t\t<\/div>\n\t\t\t\t<\/div>\n\t\t<div class=\"elementor-element elementor-element-21cf3e6 e-con-full e-flex e-con e-child\" data-id=\"21cf3e6\" data-element_type=\"container\" data-e-type=\"container\">\n\t\t\t\t<div class=\"elementor-element elementor-element-613aa19 elementor-position-top elementor-widget elementor-widget-image-box\" data-id=\"613aa19\" data-element_type=\"widget\" data-e-type=\"widget\" data-widget_type=\"image-box.default\">\n\t\t\t\t<div class=\"elementor-widget-container\">\n\t\t\t\t\t<div class=\"elementor-image-box-wrapper\"><figure class=\"elementor-image-box-img\"><img decoding=\"async\" width=\"200\" height=\"200\" src=\"https:\/\/bizix.com.tr\/wp-content\/uploads\/2024\/08\/Text-File-Grey-and-Yellow1.png\" class=\"attachment-full size-full wp-image-17742\" alt=\"Hotel Directory\" srcset=\"https:\/\/bizix.com.tr\/wp-content\/uploads\/2024\/08\/Text-File-Grey-and-Yellow1.png 200w, https:\/\/bizix.com.tr\/wp-content\/uploads\/2024\/08\/Text-File-Grey-and-Yellow1-150x150.png 150w, https:\/\/bizix.com.tr\/wp-content\/uploads\/2024\/08\/Text-File-Grey-and-Yellow1-12x12.png 12w\" sizes=\"(max-width: 200px) 100vw, 200px\" \/><\/figure><div class=\"elementor-image-box-content\"><h3 class=\"elementor-image-box-title\">Ka\u011f\u0131t malzemelerini d\u00fczenleyin ve bask\u0131 maliyetlerini azalt\u0131n<\/h3><\/div><\/div>\t\t\t\t<\/div>\n\t\t\t\t<\/div>\n\t\t\t\t<div class=\"elementor-element elementor-element-65afe7f elementor-position-top elementor-widget elementor-widget-image-box\" data-id=\"65afe7f\" data-element_type=\"widget\" data-e-type=\"widget\" data-widget_type=\"image-box.default\">\n\t\t\t\t<div class=\"elementor-widget-container\">\n\t\t\t\t\t<div class=\"elementor-image-box-wrapper\"><figure class=\"elementor-image-box-img\"><img loading=\"lazy\" decoding=\"async\" width=\"200\" height=\"200\" src=\"https:\/\/bizix.com.tr\/wp-content\/uploads\/2024\/08\/Reporting-Grey-and-Yellow1.png\" class=\"attachment-full size-full wp-image-17743\" alt=\"Hotel Diredctory\" srcset=\"https:\/\/bizix.com.tr\/wp-content\/uploads\/2024\/08\/Reporting-Grey-and-Yellow1.png 200w, https:\/\/bizix.com.tr\/wp-content\/uploads\/2024\/08\/Reporting-Grey-and-Yellow1-150x150.png 150w, https:\/\/bizix.com.tr\/wp-content\/uploads\/2024\/08\/Reporting-Grey-and-Yellow1-12x12.png 12w\" sizes=\"(max-width: 200px) 100vw, 200px\" \/><\/figure><div class=\"elementor-image-box-content\"><h3 class=\"elementor-image-box-title\">Yerinde pazarlama ve sat\u0131\u015f materyalleri i\u00e7in s\u00fcr\u00fcm kontrol\u00fcn\u00fc ortadan kald\u0131r\u0131n<\/h3><\/div><\/div>\t\t\t\t<\/div>\n\t\t\t\t<\/div>\n\t\t\t\t<div class=\"elementor-element elementor-element-83e465d elementor-position-top elementor-widget elementor-widget-image-box\" data-id=\"83e465d\" data-element_type=\"widget\" data-e-type=\"widget\" data-widget_type=\"image-box.default\">\n\t\t\t\t<div class=\"elementor-widget-container\">\n\t\t\t\t\t<div class=\"elementor-image-box-wrapper\"><figure class=\"elementor-image-box-img\"><img loading=\"lazy\" decoding=\"async\" width=\"200\" height=\"200\" src=\"https:\/\/bizix.com.tr\/wp-content\/uploads\/2024\/08\/Reporting-Grey-and-Yellow1.png\" class=\"attachment-full size-full wp-image-17743\" alt=\"Hotel Diredctory\" srcset=\"https:\/\/bizix.com.tr\/wp-content\/uploads\/2024\/08\/Reporting-Grey-and-Yellow1.png 200w, https:\/\/bizix.com.tr\/wp-content\/uploads\/2024\/08\/Reporting-Grey-and-Yellow1-150x150.png 150w, https:\/\/bizix.com.tr\/wp-content\/uploads\/2024\/08\/Reporting-Grey-and-Yellow1-12x12.png 12w\" sizes=\"(max-width: 200px) 100vw, 200px\" \/><\/figure><div class=\"elementor-image-box-content\"><h3 class=\"elementor-image-box-title\">Kurumsal kontrol, t\u00fcm otellerinizde tutarl\u0131 marka imaj\u0131 sa\u011flar<\/h3><\/div><\/div>\t\t\t\t<\/div>\n\t\t\t\t<\/div>\n\t\t\t\t<\/div>\n\t\t\t\t\t<\/div>\n\t\t\t\t<\/div>\n\t\t<div class=\"elementor-element elementor-element-487ec18 e-flex e-con-boxed e-con e-parent\" data-id=\"487ec18\" data-element_type=\"container\" data-e-type=\"container\">\n\t\t\t\t\t<div class=\"e-con-inner\">\n\t\t\t\t<div class=\"elementor-element elementor-element-0132ef2 elementor-widget elementor-widget-heading\" data-id=\"0132ef2\" data-element_type=\"widget\" data-e-type=\"widget\" data-widget_type=\"heading.default\">\n\t\t\t\t<div class=\"elementor-widget-container\">\n\t\t\t\t\t<h2 class=\"elementor-heading-title elementor-size-default\">Dijital Otel Misafir Rehberimizi \u015fimdi deneyimleyin!<\/h2>\t\t\t\t<\/div>\n\t\t\t\t<\/div>\n\t\t\t\t<div class=\"elementor-element elementor-element-3aa5568 elementor-position-left elementor-vertical-align-top elementor-widget elementor-widget-image-box\" data-id=\"3aa5568\" data-element_type=\"widget\" data-e-type=\"widget\" data-widget_type=\"image-box.default\">\n\t\t\t\t<div class=\"elementor-widget-container\">\n\t\t\t\t\t<div class=\"elementor-image-box-wrapper\"><figure class=\"elementor-image-box-img\"><a href=\"https:\/\/dir.bizix.com.tr\/\" tabindex=\"-1\"><img loading=\"lazy\" decoding=\"async\" width=\"1026\" height=\"1026\" src=\"https:\/\/bizix.com.tr\/wp-content\/uploads\/2024\/08\/dircat.png\" class=\"attachment-full size-full wp-image-17744\" alt=\"Hotel Directory QR\" srcset=\"https:\/\/bizix.com.tr\/wp-content\/uploads\/2024\/08\/dircat.png 1026w, https:\/\/bizix.com.tr\/wp-content\/uploads\/2024\/08\/dircat-300x300.png 300w, https:\/\/bizix.com.tr\/wp-content\/uploads\/2024\/08\/dircat-1024x1024.png 1024w, https:\/\/bizix.com.tr\/wp-content\/uploads\/2024\/08\/dircat-150x150.png 150w, https:\/\/bizix.com.tr\/wp-content\/uploads\/2024\/08\/dircat-768x768.png 768w, https:\/\/bizix.com.tr\/wp-content\/uploads\/2024\/08\/dircat-12x12.png 12w\" sizes=\"(max-width: 1026px) 100vw, 1026px\" \/><\/a><\/figure><div class=\"elementor-image-box-content\"><p class=\"elementor-image-box-description\">- Mobil cihaz\u0131n\u0131zdaki kameray\u0131 a\u00e7\u0131n <br>\n\n- Kameray\u0131 QR koduna do\u011frultun <br>\n\n- URL istemine dokunun <br>\n\n- \u0130\u00e7eri\u011fe eri\u015fmek i\u00e7in herhangi bir simgeye  dokunun  <br><br><br>\n\n(QR kodunu kullanmak yerine mi? Endi\u015felenmeyin, Dijital Otel Misafir Rehberinin demosuna ula\u015fmak i\u00e7in QR kodunu t\u0131klaman\u0131z yeterli.)<\/p><\/div><\/div>\t\t\t\t<\/div>\n\t\t\t\t<\/div>\n\t\t\t\t\t<\/div>\n\t\t\t\t<\/div>\n\t\t\t\t<\/div>","protected":false},"excerpt":{"rendered":"<p>Dijital Otel Misafir Rehberimiz, her zaman misafirlerinizin parmaklar\u0131n\u0131n ucunda olan etkile\u015fimli bir dijital veri deposundan olanaklar\u0131, teklifleri, misafir hizmetleri bilgilerini ve daha fazlas\u0131n\u0131 etkili bir \u015fekilde iletmenizi sa\u011flar.<\/p>","protected":false},"author":1,"featured_media":17741,"parent":0,"menu_order":0,"comment_status":"closed","ping_status":"closed","template":"","meta":{"_joinchat":[],"footnotes":""},"class_list":["post-17736","page","type-page","status-publish","has-post-thumbnail","hentry"],"_links":{"self":[{"href":"https:\/\/bizix.com.tr\/de\/wp-json\/wp\/v2\/pages\/17736","targetHints":{"allow":["GET"]}}],"collection":[{"href":"https:\/\/bizix.com.tr\/de\/wp-json\/wp\/v2\/pages"}],"about":[{"href":"https:\/\/bizix.com.tr\/de\/wp-json\/wp\/v2\/types\/page"}],"author":[{"embeddable":true,"href":"https:\/\/bizix.com.tr\/de\/wp-json\/wp\/v2\/users\/1"}],"replies":[{"embeddable":true,"href":"https:\/\/bizix.com.tr\/de\/wp-json\/wp\/v2\/comments?post=17736"}],"version-history":[{"count":0,"href":"https:\/\/bizix.com.tr\/de\/wp-json\/wp\/v2\/pages\/17736\/revisions"}],"wp:featuredmedia":[{"embeddable":true,"href":"https:\/\/bizix.com.tr\/de\/wp-json\/wp\/v2\/media\/17741"}],"wp:attachment":[{"href":"https:\/\/bizix.com.tr\/de\/wp-json\/wp\/v2\/media?parent=17736"}],"curies":[{"name":"wp","href":"https:\/\/api.w.org\/{rel}","templated":true}]}}