{"id":16837,"date":"2023-10-19T19:21:48","date_gmt":"2023-10-19T16:21:48","guid":{"rendered":"https:\/\/bizix.com.tr\/?page_id=16837"},"modified":"2023-10-27T08:59:45","modified_gmt":"2023-10-27T05:59:45","slug":"surdurulebilir-turizm-hazirlik-basvurusu-devam","status":"publish","type":"page","link":"https:\/\/bizix.com.tr\/en\/surdurulebilir-turizm-hazirlik-basvurusu-devam\/","title":{"rendered":"S\u00fcrd\u00fcr\u00fclebilir Turizm Haz\u0131rl\u0131k Ba\u015fvurusu Devam"},"content":{"rendered":"\t\t<div data-elementor-type=\"wp-page\" data-elementor-id=\"16837\" class=\"elementor elementor-16837\" data-elementor-post-type=\"page\">\n\t\t\t\t<div class=\"elementor-element elementor-element-5a85421 e-flex e-con-boxed e-con e-parent\" data-id=\"5a85421\" data-element_type=\"container\" data-e-type=\"container\">\n\t\t\t\t\t<div class=\"e-con-inner\">\n\t\t\t\t<div class=\"elementor-element elementor-element-1cb11f6 elementor-widget elementor-widget-spacer\" data-id=\"1cb11f6\" data-element_type=\"widget\" data-e-type=\"widget\" data-widget_type=\"spacer.default\">\n\t\t\t\t<div class=\"elementor-widget-container\">\n\t\t\t\t\t\t\t<div class=\"elementor-spacer\">\n\t\t\t<div class=\"elementor-spacer-inner\"><\/div>\n\t\t<\/div>\n\t\t\t\t\t\t<\/div>\n\t\t\t\t<\/div>\n\t\t\t\t<div class=\"elementor-element elementor-element-99252bb elementor-widget elementor-widget-text-editor\" data-id=\"99252bb\" data-element_type=\"widget\" data-e-type=\"widget\" data-widget_type=\"text-editor.default\">\n\t\t\t\t<div class=\"elementor-widget-container\">\n\t\t\t\t\t\t\t\t\t<p>Bu a\u015famada i\u015fletmeniz ile ilgili temel bilgilerin giri\u015fini yaparak kay\u0131t edeceksiniz.<\/p><p>Bir sonraki ad\u0131mda kar\u015f\u0131n\u0131za \u00e7\u0131kacak\u00a0<span class=\"elementor-button elementor-size-sm\" style=\"background-color: green;\">&#8220;S\u00fcrd\u00fcr\u00fclebilir Turizm Ba\u015fvuru formu g\u00f6nder&#8221;<\/span> butonuna bas\u0131ncaya kadar girdi\u011finiz bilgiler hi\u00e7bir yere g\u00f6nderilmeyecek!<\/p><p>L\u00fctfen a\u015fa\u011f\u0131daki formdaki bilgilerin tamam\u0131n\u0131 <strong><span style=\"text-decoration: underline;\">eksiksiz ve i\u015fletmenize uygun<\/span><\/strong> olarak doldurarak kaydet butonuna bas\u0131n\u0131z.<\/p><p>Bilgilerin ger\u00e7e\u011fe uygun olmad\u0131\u011f\u0131 anla\u015f\u0131l\u0131rsa sisteme giri\u015f yapabilece\u011finiz kullan\u0131c\u0131 ad\u0131 ve \u015fifre g\u00f6nderilmeyecektir!<\/p>\t\t\t\t\t\t\t\t<\/div>\n\t\t\t\t<\/div>\n\t\t\t\t<div class=\"elementor-element elementor-element-5f16b7c elementor-widget elementor-widget-shortcode\" data-id=\"5f16b7c\" data-element_type=\"widget\" data-e-type=\"widget\" data-widget_type=\"shortcode.default\">\n\t\t\t\t<div class=\"elementor-widget-container\">\n\t\t\t\t\t\t\t<div class=\"elementor-shortcode\">[wpphprunner page=\"isg_property_edt_edit.php\"]<\/div>\n\t\t\t\t\t\t<\/div>\n\t\t\t\t<\/div>\n\t\t\t\t\t<\/div>\n\t\t\t\t<\/div>\n\t\t\t\t<\/div>\n\t\t","protected":false},"excerpt":{"rendered":"<p>&#8220;S\u00fcrd\u00fcr\u00fclebilir turizmin \u00f6nc\u00fcs\u00fc olarak, do\u011faya ve yerel k\u00fclt\u00fcre sayg\u0131 g\u00f6steriyor, enerji tasarrufu sa\u011fl\u0131yor, yerel topluluklar\u0131 destekliyor ve unutulmaz bir deneyim sunuyoruz. Gelece\u011fe katk\u0131da bulunmak i\u00e7in bizimle olun!&#8221;<\/p>","protected":false},"author":1,"featured_media":15766,"parent":0,"menu_order":0,"comment_status":"closed","ping_status":"closed","template":"","meta":{"_joinchat":[],"footnotes":""},"class_list":["post-16837","page","type-page","status-publish","has-post-thumbnail","hentry"],"_links":{"self":[{"href":"https:\/\/bizix.com.tr\/en\/wp-json\/wp\/v2\/pages\/16837","targetHints":{"allow":["GET"]}}],"collection":[{"href":"https:\/\/bizix.com.tr\/en\/wp-json\/wp\/v2\/pages"}],"about":[{"href":"https:\/\/bizix.com.tr\/en\/wp-json\/wp\/v2\/types\/page"}],"author":[{"embeddable":true,"href":"https:\/\/bizix.com.tr\/en\/wp-json\/wp\/v2\/users\/1"}],"replies":[{"embeddable":true,"href":"https:\/\/bizix.com.tr\/en\/wp-json\/wp\/v2\/comments?post=16837"}],"version-history":[{"count":0,"href":"https:\/\/bizix.com.tr\/en\/wp-json\/wp\/v2\/pages\/16837\/revisions"}],"wp:featuredmedia":[{"embeddable":true,"href":"https:\/\/bizix.com.tr\/en\/wp-json\/wp\/v2\/media\/15766"}],"wp:attachment":[{"href":"https:\/\/bizix.com.tr\/en\/wp-json\/wp\/v2\/media?parent=16837"}],"curies":[{"name":"wp","href":"https:\/\/api.w.org\/{rel}","templated":true}]}}