{"id":3,"date":"2019-08-29T09:56:41","date_gmt":"2019-08-29T09:56:41","guid":{"rendered":"https:\/\/bizix.com.tr\/?page_id=3"},"modified":"2021-11-11T15:46:10","modified_gmt":"2021-11-11T12:46:10","slug":"privacy-policy","status":"publish","type":"page","link":"https:\/\/bizix.com.tr\/en\/privacy-policy\/","title":{"rendered":"Privacy Policy"},"content":{"rendered":"<div data-elementor-type=\"wp-page\" data-elementor-id=\"3\" class=\"elementor elementor-3\" data-elementor-post-type=\"page\">\n\t\t\t\t\t\t<section class=\"elementor-section elementor-top-section elementor-element elementor-element-134ea68 elementor-section-content-middle elementor-section-boxed elementor-section-height-default elementor-section-height-default\" data-id=\"134ea68\" data-element_type=\"section\" data-e-type=\"section\" data-settings=\"{&quot;background_background&quot;:&quot;classic&quot;,&quot;shape_divider_top&quot;:&quot;curve&quot;,&quot;shape_divider_bottom&quot;:&quot;curve&quot;,&quot;shape_divider_bottom_negative&quot;:&quot;yes&quot;}\">\n\t\t\t\t\t<div class=\"elementor-shape elementor-shape-top\" aria-hidden=\"true\" data-negative=\"false\">\n\t\t\t<svg xmlns=\"http:\/\/www.w3.org\/2000\/svg\" viewbox=\"0 0 1000 100\" preserveaspectratio=\"none\">\n    <path class=\"elementor-shape-fill\" d=\"M1000,4.3V0H0v4.3C0.9,23.1,126.7,99.2,500,100S1000,22.7,1000,4.3z\"\/>\n<\/svg>\t\t<\/div>\n\t\t\t\t<div class=\"elementor-shape elementor-shape-bottom\" aria-hidden=\"true\" data-negative=\"true\">\n\t\t\t<svg xmlns=\"http:\/\/www.w3.org\/2000\/svg\" viewbox=\"0 0 1000 100\" preserveaspectratio=\"none\">\n\t<path class=\"elementor-shape-fill\" d=\"M500,97C126.7,96.3,0.8,19.8,0,0v100l1000,0V1C1000,19.4,873.3,97.8,500,97z\"\/>\n<\/svg>\t\t<\/div>\n\t\t\t\t\t<div class=\"elementor-container elementor-column-gap-default\">\n\t\t\t\t\t<div class=\"elementor-column elementor-col-100 elementor-top-column elementor-element elementor-element-68f8b37\" data-id=\"68f8b37\" data-element_type=\"column\" data-e-type=\"column\" data-settings=\"{&quot;background_background&quot;:&quot;none&quot;}\">\n\t\t\t<div class=\"elementor-widget-wrap elementor-element-populated\">\n\t\t\t\t\t\t<div class=\"elementor-element elementor-element-db88894 elementor-widget elementor-widget-heading\" data-id=\"db88894\" data-element_type=\"widget\" data-e-type=\"widget\" data-widget_type=\"heading.default\">\n\t\t\t\t<div class=\"elementor-widget-container\">\n\t\t\t\t\t<h1 class=\"elementor-heading-title elementor-size-default\">Privacy Policy<\/h1>\t\t\t\t<\/div>\n\t\t\t\t<\/div>\n\t\t\t\t\t<\/div>\n\t\t<\/div>\n\t\t\t\t\t<\/div>\n\t\t<\/section>\n\t\t\t\t<section class=\"elementor-section elementor-top-section elementor-element elementor-element-66bc8349 elementor-section-boxed elementor-section-height-default elementor-section-height-default\" data-id=\"66bc8349\" data-element_type=\"section\" data-e-type=\"section\">\n\t\t\t\t\t\t<div class=\"elementor-container elementor-column-gap-default\">\n\t\t\t\t\t<div class=\"elementor-column elementor-col-100 elementor-top-column elementor-element elementor-element-4fd31c02\" data-id=\"4fd31c02\" data-element_type=\"column\" data-e-type=\"column\">\n\t\t\t<div class=\"elementor-widget-wrap elementor-element-populated\">\n\t\t\t\t\t\t<div class=\"elementor-element elementor-element-1f893d7b elementor-widget elementor-widget-text-editor\" data-id=\"1f893d7b\" data-element_type=\"widget\" data-e-type=\"widget\" data-widget_type=\"text-editor.default\">\n\t\t\t\t<div class=\"elementor-widget-container\">\n\t\t\t\t\t\t\t\t\t<p><!--StartFragment--><\/p>\n\n\n<p>We care about protecting your privacy.<\/p>\n\n\n\n<p>We have created a \u201cPrivacy Policy\u201d with the aim of determining the current rules below on the privacy of information that our Users and Members has given on our internet site (\u201cOur Site\u201d) at the link <a href=\"\/\/www.bizix.com.tr\">\/\/www.bizix.com.tr<\/a>, protection, and other issues. Please read this Privacy Policy carefully before becoming a member of our site and this means that you have approved this Privacy Policy and given approval for the use and sharing of the information provided on Our Site for<\/p>\n\n\n\n<p>This Privacy Policy is updated from time to time and we recommend that it is reviewed by our Users and our Members.<\/p>\n\n\n\n<p>On Our Site, we collect personal and general information that our Users and our Members provide directly to us. You will be asked to provide your personal information such as name, surname, address, telephone number, e-mail address, etc., to register as a<\/p>\n\n\n\n<p>We also collect content and information that you may add to your Komember network or profile, your photographs, or other information or documents that you share on our Site or provide us, and other content and information that you provide us directly incl<\/p>\n\n\n\n<p>Bulk information includes is information such as many people visited Our Site, to which pages they went, what information they downloaded to their device, the type of web browser and operating system they were using, the name of the Internet Service Provi<\/p>\n\n\n\n<p>In this direction, we collect the following information from our Users and Members:<\/p>\n\n\n\n<ul class=\"wp-block-list\"><li>The type and operating system of your Web browser,<\/li><li>IP address and device identifiers,<\/li><li>The browsing behavior when you visit Our Site, such as the amount of time spent reviewing Our Site online, and the links that you clicked on Our Site,<\/li><li>Internet sites you visit before or after our site,<\/li><li>Whether you opened or forwarded our e-mails or connected to the offers or links we sent;<\/li><li>Your standard or custom geographic locations, such as GPS, Bluetooth, or WiFi signals,<\/li><\/ul>\n\n\n\n<p>If you use the internet connection, networks, telecommunication systems or data processing systems of Bizix, your activities and any files or messages in these systems may also be collected and processed at any time in accordance with applicable law for t<\/p>\n\n\n\n<p>Excluding those considered above, Bizix may collect and process data other than the personal and collective information listed above, to the extent permitted by applicable legislation. In such a case, the personal and collective information collected and<\/p>\n\n\n\n<p>The precautions necessary for the security of processes and information entered on Our Site related to invoicing and payment when purchasing membership from Our Site have been taken in the system and internet infrastructure by Bizix and\/or the related Car<\/p>\n\n\n\n<p>No information in particular, confidential information on credit cards and debit cards, entered by our Users and Members for membership to our site, membership purchases, and information updates, can be displayed by other users. Information about our User<\/p>\n\n\n\n<p>Where our site links to other internet sites, the privacy\/security policy and terms of use of those sites apply to all uses and transactions; Bizix cannot be held responsible for advertisements and banners from our site, the use of information from other<\/p>\n\n\n\n<p>You can contact Bizix via means of the communication channels mentioned on Our Site in the case you need additional information about privacy rules regarding the protection of personal data, site usage conditions and communications, cookies and web beacon<\/p>\n\n\n\n<p><strong>PERSONAL DATA<\/strong><\/p>\n\n\n\n<p>Our Dear Members and Users,<\/p>\n\n\n\n<p>We would like to inform you of your rights in the scope of our applications related to the Bizix Privacy and Security Principles, Communications, Site Terms of Use and the Processing of Your Personal Data and in the scope of the Protection of Personal Dat<\/p>\n\n\n\n<p>The Privacy Policy and Site Usage Terms whose current principles are stated below on the issues of the privacy, security, processing, transfer of information belonging to our company Bizix \u2013 \u00dcST\u00dcNS\u00d6Z OTELC\u0130L\u0130K TUR\u0130ZM T\u0130C. VE SAN. LTD. \u015eT\u0130. and our Members <a href=\"\/\/www.bizix.com.tr\">\/\/www.bizix.net\/<\/a> (including our mobile application), commercial electronic communications, and other matters are valid.<\/p>\n\n\n\n<p>The precautions necessary for the security of processes and information given by our Members and Users have been taken in the systems and internet infrastructure by our Company or the related institution in according with the nature of the information and<\/p>\n\n\n\n<p>No information, in particular confidential information related to credit cards and debit cards, entered by our users and members for membership to our site, membership purchases, and information updates, can be displayed by other users.<\/p>\n\n\n\n<p>To protect your privacy at all times, in order to take the necessary precautions and to comply with all legal requirements for the processing of personal data, all forms of your information whether membership purchases, contact, and other personal informa<\/p>\n\n\n\n<p>Social, commercial, and other electronic communications may be made and commercial electronic messages may be sent by Bizix via SMS\/text messages, instant notification, automatic dialling, computer, telephone, e-mail, fax, bluetooth and other wireless net<\/p>\n\n\n\n<p>Where our site links to other internet sites, the privacy\/security policy and terms of use of those sites apply to all uses and transactions; Bizix cannot be held responsible for advertisements and banners from our site, the use of information from other<\/p>\n\n\n\n<p>If the purchase of a product\/service by Our Members due to them being informed with determined forms and\/or information, publicity, and advertisement made to them, the procedure referred to is subject to distance contracts to be acknowledgedly made separa<\/p>\n\n\n\n<p>Our Members and Users may at any time they wish and without any justification contact Bizix through the communication channels stated on our Site and below to stop the processing of personal data and\/or commercial electronic communications between them an<\/p>\n\n\n\n<p>In this way, we wish to inform you on issues of with what aim the collection management and legal reason of your personal information such as name, surname, nickname, age, gender, marital status, living area, education level, interest contents including i<\/p>\n\n\n\n<p>On the issue of all information and content related to our site and their issuance, modification, and partial or complete use, excluding agreements that Bizix has made with other third parties, all intellectual and industrial property rights and copyright<\/p>\n\n\n\n<p>Bizix reserves the right to make any amendments that may be required in the above matters and in the services to be provided to its Members; these changes shall take effect as soon as they are announced by Bizix on the Site or by any other appropriate mea<\/p>\n\n\n\n<p>If you have any questions about this Privacy Policy, or if you have any comments, you can contact us by e-mail address or phone number on our site or send an e-mail. We are happy to answer your questions and learn your views.<\/p>\n\n\n\n<p><strong>COOKIES<\/strong><\/p>\n\n\n\n<p>We use \u201ccookie\u201d technology on Our Site. Cookies are snippets of information that Our Site transfers in order to keep records on the computer or other devices belonging to the Member and the User. When you visit Our Site, we may place a \u201ccookie\u201d on your co<\/p>\n\n\n\n<p>Temporary cookies are used to determine how many times you have visited our site and are deleted when you exit your internet browser. A persistent cookie is used to record your computer and other devices through your internet browser and notify if you hav<\/p>\n\n\n\n<p>You can appeal the use of cookies. When you use a web browser to access Our Site, you can configure your browser to accept all cookies, deny all cookies, or alert you when a cookie is sent. To learn more about changing your cookie preferences, click on yo<\/p>\n\n\n\n<p><strong>WEB BEACONS<\/strong><\/p>\n\n\n\n<p>Web Beacons and other similar technologies are small pieces of code that communicate with third parties on web pages, advertisements, and e-mails. For example, web beacons can be used to identify the number of users who visit a particular web page, distri<\/p>\n\n\n\n<p>Third-party advertisers who advertise on my site can use cookies and web beacons in their ads. Bizix has no control over the cookies and web beacons of third parties. In addition to this, Bizix may use cookies or web beacons when they publish their advert<\/p>\n\n\n\n<p>You can contact Bizix for additional information on all these issues.<\/p>\n\n\n\n<p>Our Members and Users may notify Bizix of their requests and complaints through the following communication channels.<\/p>\n\n\n\n<p>Meydankava\u011f\u0131 Mahallesi, Aspendos Bulvar\u0131 No:56 Ofis: 101 07200 Muratpa\u015fa Antalya<\/p>\n\n\n\n<p><a href=\"tel:902129242410\">Tel: +90 242 753 22 01<\/a><\/p>\n\n\n\n<p><a href=\"mailto:events@bizix.com.tr\">events@bizix.com.tr<\/a><\/p>\n\n\n\n<p><a href=\"mailto:membership@bizix.net\">membership@<\/a><a href=\"mailto:membership@bizix.com.tr\">bizix.com.tr<\/a><\/p>\n\n\n<p><!--EndFragment--><\/p>\t\t\t\t\t\t\t\t<\/div>\n\t\t\t\t<\/div>\n\t\t\t\t\t<\/div>\n\t\t<\/div>\n\t\t\t\t\t<\/div>\n\t\t<\/section>\n\t\t\t\t<\/div>","protected":false},"excerpt":{"rendered":"<p>Gizlilik Politikas\u0131 Gizlili\u011finizin korunmas\u0131na \u00f6nem veriyoruz. Kullan\u0131c\u0131lar\u0131m\u0131z\u0131n ve \u00dcyelerimizin \/\/www.bizix.com.tr\/ uzant\u0131l\u0131 internet sitemizde (\u201cSitemiz\u201d) vermi\u015f oldu\u011fu bilgilerin gizlili\u011fi, korunmas\u0131 ve ilgili di\u011fer hususlarda a\u015fa\u011f\u0131da cari kurallar\u0131 belirtmek amac\u0131yla bir \u201cGizlilik Politikas\u0131\u201d olu\u015fturduk. Sitemize \u00fcye olmadan \u00f6nce l\u00fctfen bu Gizlilik Politikas\u0131\u2019n\u0131 dikkatlice okuyunuz ve a\u015fa\u011f\u0131da belirtilenlerin sizin i\u00e7in uygun olmamas\u0131na ra\u011fmen, Sitemiz \u00fcyeli\u011finizin devam etti\u011fi s\u00fcre [&hellip;]<\/p>\n","protected":false},"author":1,"featured_media":0,"parent":0,"menu_order":0,"comment_status":"closed","ping_status":"closed","template":"","meta":{"_joinchat":[],"footnotes":""},"class_list":["post-3","page","type-page","status-publish","hentry"],"_links":{"self":[{"href":"https:\/\/bizix.com.tr\/en\/wp-json\/wp\/v2\/pages\/3","targetHints":{"allow":["GET"]}}],"collection":[{"href":"https:\/\/bizix.com.tr\/en\/wp-json\/wp\/v2\/pages"}],"about":[{"href":"https:\/\/bizix.com.tr\/en\/wp-json\/wp\/v2\/types\/page"}],"author":[{"embeddable":true,"href":"https:\/\/bizix.com.tr\/en\/wp-json\/wp\/v2\/users\/1"}],"replies":[{"embeddable":true,"href":"https:\/\/bizix.com.tr\/en\/wp-json\/wp\/v2\/comments?post=3"}],"version-history":[{"count":0,"href":"https:\/\/bizix.com.tr\/en\/wp-json\/wp\/v2\/pages\/3\/revisions"}],"wp:attachment":[{"href":"https:\/\/bizix.com.tr\/en\/wp-json\/wp\/v2\/media?parent=3"}],"curies":[{"name":"wp","href":"https:\/\/api.w.org\/{rel}","templated":true}]}}