{"id":579,"date":"2019-08-31T05:40:24","date_gmt":"2019-08-31T02:40:24","guid":{"rendered":"https:\/\/bizix.com.tr\/?page_id=579"},"modified":"2025-10-02T17:44:31","modified_gmt":"2025-10-02T14:44:31","slug":"discover-bizix","status":"publish","type":"page","link":"https:\/\/bizix.com.tr\/en\/discover-bizix\/","title":{"rendered":"About Bizix"},"content":{"rendered":"<div data-elementor-type=\"wp-post\" data-elementor-id=\"579\" class=\"elementor elementor-579\" data-elementor-post-type=\"page\">\n\t\t\t\t\t\t<section class=\"elementor-section elementor-top-section elementor-element elementor-element-d471b6f elementor-section-content-middle elementor-section-boxed elementor-section-height-default elementor-section-height-default\" data-id=\"d471b6f\" data-element_type=\"section\" data-e-type=\"section\" data-settings=\"{&quot;background_background&quot;:&quot;classic&quot;,&quot;shape_divider_top&quot;:&quot;curve&quot;,&quot;shape_divider_bottom&quot;:&quot;curve&quot;,&quot;shape_divider_bottom_negative&quot;:&quot;yes&quot;}\">\n\t\t\t\t\t<div class=\"elementor-shape elementor-shape-top\" aria-hidden=\"true\" data-negative=\"false\">\n\t\t\t<svg xmlns=\"http:\/\/www.w3.org\/2000\/svg\" viewbox=\"0 0 1000 100\" preserveaspectratio=\"none\">\n    <path class=\"elementor-shape-fill\" d=\"M1000,4.3V0H0v4.3C0.9,23.1,126.7,99.2,500,100S1000,22.7,1000,4.3z\"\/>\n<\/svg>\t\t<\/div>\n\t\t\t\t<div class=\"elementor-shape elementor-shape-bottom\" aria-hidden=\"true\" data-negative=\"true\">\n\t\t\t<svg xmlns=\"http:\/\/www.w3.org\/2000\/svg\" viewbox=\"0 0 1000 100\" preserveaspectratio=\"none\">\n\t<path class=\"elementor-shape-fill\" d=\"M500,97C126.7,96.3,0.8,19.8,0,0v100l1000,0V1C1000,19.4,873.3,97.8,500,97z\"\/>\n<\/svg>\t\t<\/div>\n\t\t\t\t\t<div class=\"elementor-container elementor-column-gap-default\">\n\t\t\t\t\t<div class=\"elementor-column elementor-col-100 elementor-top-column elementor-element elementor-element-e52859a\" data-id=\"e52859a\" data-element_type=\"column\" data-e-type=\"column\" data-settings=\"{&quot;background_background&quot;:&quot;none&quot;}\">\n\t\t\t<div class=\"elementor-widget-wrap elementor-element-populated\">\n\t\t\t\t\t\t<div class=\"elementor-element elementor-element-1d152e5 elementor-widget elementor-widget-heading\" data-id=\"1d152e5\" data-element_type=\"widget\" data-e-type=\"widget\" data-widget_type=\"heading.default\">\n\t\t\t\t<div class=\"elementor-widget-container\">\n\t\t\t\t\t<h1 class=\"elementor-heading-title elementor-size-default\">Our Story<\/h1>\t\t\t\t<\/div>\n\t\t\t\t<\/div>\n\t\t\t\t\t<\/div>\n\t\t<\/div>\n\t\t\t\t\t<\/div>\n\t\t<\/section>\n\t\t\t\t<section class=\"elementor-section elementor-top-section elementor-element elementor-element-41b3daaf elementor-section-boxed elementor-section-height-default elementor-section-height-default\" data-id=\"41b3daaf\" data-element_type=\"section\" data-e-type=\"section\">\n\t\t\t\t\t\t<div class=\"elementor-container elementor-column-gap-default\">\n\t\t\t\t\t<div class=\"elementor-column elementor-col-100 elementor-top-column elementor-element elementor-element-4ae78b37\" data-id=\"4ae78b37\" data-element_type=\"column\" data-e-type=\"column\">\n\t\t\t<div class=\"elementor-widget-wrap elementor-element-populated\">\n\t\t\t\t\t\t<div class=\"elementor-element elementor-element-a047552 elementor-widget elementor-widget-text-editor\" data-id=\"a047552\" data-element_type=\"widget\" data-e-type=\"widget\" data-widget_type=\"text-editor.default\">\n\t\t\t\t<div class=\"elementor-widget-container\">\n\t\t\t\t\t\t\t\t\t<p>Tek sebebimiz mutlu, huzurlu, ba\u015far\u0131l\u0131 topluluklara katl\u0131da\u00a0bulunma iste\u011fi&#8230;<\/p>\t\t\t\t\t\t\t\t<\/div>\n\t\t\t\t<\/div>\n\t\t\t\t<div class=\"elementor-element elementor-element-364ec52 elementor-widget-divider--view-line elementor-widget elementor-widget-divider\" data-id=\"364ec52\" data-element_type=\"widget\" data-e-type=\"widget\" data-widget_type=\"divider.default\">\n\t\t\t\t<div class=\"elementor-widget-container\">\n\t\t\t\t\t\t\t<div class=\"elementor-divider\">\n\t\t\t<span class=\"elementor-divider-separator\">\n\t\t\t\t\t\t<\/span>\n\t\t<\/div>\n\t\t\t\t\t\t<\/div>\n\t\t\t\t<\/div>\n\t\t\t\t\t<\/div>\n\t\t<\/div>\n\t\t\t\t\t<\/div>\n\t\t<\/section>\n\t\t\t\t<section class=\"elementor-section elementor-top-section elementor-element elementor-element-61c64d6a elementor-section-boxed elementor-section-height-default elementor-section-height-default\" data-id=\"61c64d6a\" data-element_type=\"section\" data-e-type=\"section\">\n\t\t\t\t\t\t<div class=\"elementor-container elementor-column-gap-default\">\n\t\t\t\t\t<div class=\"elementor-column elementor-col-100 elementor-top-column elementor-element elementor-element-60c228ab\" data-id=\"60c228ab\" data-element_type=\"column\" data-e-type=\"column\">\n\t\t\t<div class=\"elementor-widget-wrap elementor-element-populated\">\n\t\t\t\t\t\t<div class=\"elementor-element elementor-element-30f21a0 elementor-widget elementor-widget-text-editor\" data-id=\"30f21a0\" data-element_type=\"widget\" data-e-type=\"widget\" data-widget_type=\"text-editor.default\">\n\t\t\t\t<div class=\"elementor-widget-container\">\n\t\t\t\t\t\t\t\t\t<div class=\"thim-about-us-quote\"><h3>\"Our dream is to see the power of community and collaboration contributing to the development of personal growth, creativity, innovation and successful business ventures.\"\u00a0<\/h3><div class=\"agency\">Bizix<\/div><hr \/><\/div>\t\t\t\t\t\t\t\t<\/div>\n\t\t\t\t<\/div>\n\t\t\t\t<div class=\"elementor-element elementor-element-f8a3c8b elementor-widget-divider--view-line elementor-widget elementor-widget-divider\" data-id=\"f8a3c8b\" data-element_type=\"widget\" data-e-type=\"widget\" data-widget_type=\"divider.default\">\n\t\t\t\t<div class=\"elementor-widget-container\">\n\t\t\t\t\t\t\t<div class=\"elementor-divider\">\n\t\t\t<span class=\"elementor-divider-separator\">\n\t\t\t\t\t\t<\/span>\n\t\t<\/div>\n\t\t\t\t\t\t<\/div>\n\t\t\t\t<\/div>\n\t\t\t\t\t<\/div>\n\t\t<\/div>\n\t\t\t\t\t<\/div>\n\t\t<\/section>\n\t\t\t\t<section class=\"elementor-section elementor-top-section elementor-element elementor-element-2b74859 elementor-section-boxed elementor-section-height-default elementor-section-height-default\" data-id=\"2b74859\" data-element_type=\"section\" data-e-type=\"section\">\n\t\t\t\t\t\t<div class=\"elementor-container elementor-column-gap-default\">\n\t\t\t\t\t<div class=\"elementor-column elementor-col-33 elementor-top-column elementor-element elementor-element-5496209c\" data-id=\"5496209c\" data-element_type=\"column\" data-e-type=\"column\">\n\t\t\t<div class=\"elementor-widget-wrap elementor-element-populated\">\n\t\t\t\t\t\t<div class=\"elementor-element elementor-element-6b9519ac elementor-widget elementor-widget-heading\" data-id=\"6b9519ac\" data-element_type=\"widget\" data-e-type=\"widget\" data-widget_type=\"heading.default\">\n\t\t\t\t<div class=\"elementor-widget-container\">\n\t\t\t\t\t<h3 class=\"elementor-heading-title elementor-size-default\">PURPOSES<\/h3>\t\t\t\t<\/div>\n\t\t\t\t<\/div>\n\t\t\t\t<div class=\"elementor-element elementor-element-57b6764 elementor-widget elementor-widget-text-editor\" data-id=\"57b6764\" data-element_type=\"widget\" data-e-type=\"widget\" data-widget_type=\"text-editor.default\">\n\t\t\t\t<div class=\"elementor-widget-container\">\n\t\t\t\t\t\t\t\t\t<p>Bizix is a co-working space formed to be a business community for innovation, creativity, growth and connection. We believe we are better together, and that each person\/business has a set of skills to contribute to the community, inspiring collaborations and partnerships. This will lead to successful personal and business development.<\/p>\t\t\t\t\t\t\t\t<\/div>\n\t\t\t\t<\/div>\n\t\t\t\t\t<\/div>\n\t\t<\/div>\n\t\t\t\t<div class=\"elementor-column elementor-col-33 elementor-top-column elementor-element elementor-element-13bf0cf0\" data-id=\"13bf0cf0\" data-element_type=\"column\" data-e-type=\"column\">\n\t\t\t<div class=\"elementor-widget-wrap\">\n\t\t\t\t\t\t\t<\/div>\n\t\t<\/div>\n\t\t\t\t<div class=\"elementor-column elementor-col-33 elementor-top-column elementor-element elementor-element-34f1e6c3\" data-id=\"34f1e6c3\" data-element_type=\"column\" data-e-type=\"column\">\n\t\t\t<div class=\"elementor-widget-wrap elementor-element-populated\">\n\t\t\t\t\t\t<div class=\"elementor-element elementor-element-4cc1187e elementor-widget elementor-widget-heading\" data-id=\"4cc1187e\" data-element_type=\"widget\" data-e-type=\"widget\" data-widget_type=\"heading.default\">\n\t\t\t\t<div class=\"elementor-widget-container\">\n\t\t\t\t\t<h3 class=\"elementor-heading-title elementor-size-default\">DREAMS<\/h3>\t\t\t\t<\/div>\n\t\t\t\t<\/div>\n\t\t\t\t<div class=\"elementor-element elementor-element-36d25979 elementor-widget elementor-widget-text-editor\" data-id=\"36d25979\" data-element_type=\"widget\" data-e-type=\"widget\" data-widget_type=\"text-editor.default\">\n\t\t\t\t<div class=\"elementor-widget-container\">\n\t\t\t\t\t\t\t\t\t<p>Imagine, you are a coder and developing a valuable application, but your skill set is not enough to make it attractive for your market. Within the same co-working space, you meet a marketing expert with the knowledge to help advertise your product. This is the power of collaboration being utilized under the same roof.<\/p>\t\t\t\t\t\t\t\t<\/div>\n\t\t\t\t<\/div>\n\t\t\t\t\t<\/div>\n\t\t<\/div>\n\t\t\t\t\t<\/div>\n\t\t<\/section>\n\t\t\t\t<section class=\"elementor-section elementor-top-section elementor-element elementor-element-7f7580b4 elementor-section-stretched elementor-section-full_width elementor-section-height-min-height elementor-section-height-default elementor-section-items-middle\" data-id=\"7f7580b4\" data-element_type=\"section\" data-e-type=\"section\" data-settings=\"{&quot;stretch_section&quot;:&quot;section-stretched&quot;,&quot;background_background&quot;:&quot;classic&quot;}\">\n\t\t\t\t\t\t<div class=\"elementor-container elementor-column-gap-no\">\n\t\t\t\t\t<div class=\"elementor-column elementor-col-100 elementor-top-column elementor-element elementor-element-66e30e21\" data-id=\"66e30e21\" data-element_type=\"column\" data-e-type=\"column\">\n\t\t\t<div class=\"elementor-widget-wrap elementor-element-populated\">\n\t\t\t\t\t\t<section class=\"elementor-section elementor-inner-section elementor-element elementor-element-3adaaad8 elementor-section-boxed elementor-section-height-default elementor-section-height-default\" data-id=\"3adaaad8\" data-element_type=\"section\" data-e-type=\"section\">\n\t\t\t\t\t\t<div class=\"elementor-container elementor-column-gap-default\">\n\t\t\t\t\t<div class=\"elementor-column elementor-col-25 elementor-inner-column elementor-element elementor-element-574f39c7\" data-id=\"574f39c7\" data-element_type=\"column\" data-e-type=\"column\">\n\t\t\t<div class=\"elementor-widget-wrap elementor-element-populated\">\n\t\t\t\t\t\t<div class=\"elementor-element elementor-element-7294f90 elementor-widget elementor-widget-image\" data-id=\"7294f90\" data-element_type=\"widget\" data-e-type=\"widget\" data-widget_type=\"image.default\">\n\t\t\t\t<div class=\"elementor-widget-container\">\n\t\t\t\t\t\t\t\t\t\t\t\t\t\t\t<img fetchpriority=\"high\" decoding=\"async\" width=\"567\" height=\"567\" src=\"https:\/\/bizix.com.tr\/wp-content\/uploads\/2019\/08\/excellence.jpg\" class=\"attachment-large size-large wp-image-581\" alt=\"\" srcset=\"https:\/\/bizix.com.tr\/wp-content\/uploads\/2019\/08\/excellence.jpg 567w, https:\/\/bizix.com.tr\/wp-content\/uploads\/2019\/08\/excellence-150x150.jpg 150w, https:\/\/bizix.com.tr\/wp-content\/uploads\/2019\/08\/excellence-300x300.jpg 300w, https:\/\/bizix.com.tr\/wp-content\/uploads\/2019\/08\/excellence-12x12.jpg 12w\" sizes=\"(max-width: 567px) 100vw, 567px\" \/>\t\t\t\t\t\t\t\t\t\t\t\t\t\t\t<\/div>\n\t\t\t\t<\/div>\n\t\t\t\t<div class=\"elementor-element elementor-element-fbaf019 elementor-widget elementor-widget-image-box\" data-id=\"fbaf019\" data-element_type=\"widget\" data-e-type=\"widget\" data-widget_type=\"image-box.default\">\n\t\t\t\t<div class=\"elementor-widget-container\">\n\t\t\t\t\t<div class=\"elementor-image-box-wrapper\"><div class=\"elementor-image-box-content\"><h3 class=\"elementor-image-box-title\">QUALITY<\/h3><p class=\"elementor-image-box-description\">Offering an atmosphere of excellence<\/p><\/div><\/div>\t\t\t\t<\/div>\n\t\t\t\t<\/div>\n\t\t\t\t\t<\/div>\n\t\t<\/div>\n\t\t\t\t<div class=\"elementor-column elementor-col-25 elementor-inner-column elementor-element elementor-element-1766bc9c\" data-id=\"1766bc9c\" data-element_type=\"column\" data-e-type=\"column\">\n\t\t\t<div class=\"elementor-widget-wrap elementor-element-populated\">\n\t\t\t\t\t\t<div class=\"elementor-element elementor-element-5df75a07 elementor-widget elementor-widget-image\" data-id=\"5df75a07\" data-element_type=\"widget\" data-e-type=\"widget\" data-widget_type=\"image.default\">\n\t\t\t\t<div class=\"elementor-widget-container\">\n\t\t\t\t\t\t\t\t\t\t\t\t\t\t\t<img decoding=\"async\" width=\"600\" height=\"600\" src=\"https:\/\/bizix.com.tr\/wp-content\/uploads\/2019\/08\/network.jpg\" class=\"attachment-large size-large wp-image-582\" alt=\"\" srcset=\"https:\/\/bizix.com.tr\/wp-content\/uploads\/2019\/08\/network.jpg 600w, https:\/\/bizix.com.tr\/wp-content\/uploads\/2019\/08\/network-150x150.jpg 150w, https:\/\/bizix.com.tr\/wp-content\/uploads\/2019\/08\/network-300x300.jpg 300w, https:\/\/bizix.com.tr\/wp-content\/uploads\/2019\/08\/network-12x12.jpg 12w\" sizes=\"(max-width: 600px) 100vw, 600px\" \/>\t\t\t\t\t\t\t\t\t\t\t\t\t\t\t<\/div>\n\t\t\t\t<\/div>\n\t\t\t\t<div class=\"elementor-element elementor-element-52e4a6a elementor-widget elementor-widget-image-box\" data-id=\"52e4a6a\" data-element_type=\"widget\" data-e-type=\"widget\" data-widget_type=\"image-box.default\">\n\t\t\t\t<div class=\"elementor-widget-container\">\n\t\t\t\t\t<div class=\"elementor-image-box-wrapper\"><div class=\"elementor-image-box-content\"><h3 class=\"elementor-image-box-title\">COMMUNITY<\/h3><p class=\"elementor-image-box-description\">Cultivating community and connections<\/p><\/div><\/div>\t\t\t\t<\/div>\n\t\t\t\t<\/div>\n\t\t\t\t\t<\/div>\n\t\t<\/div>\n\t\t\t\t<div class=\"elementor-column elementor-col-25 elementor-inner-column elementor-element elementor-element-5269e129\" data-id=\"5269e129\" data-element_type=\"column\" data-e-type=\"column\">\n\t\t\t<div class=\"elementor-widget-wrap elementor-element-populated\">\n\t\t\t\t\t\t<div class=\"elementor-element elementor-element-59d2b409 elementor-widget elementor-widget-image\" data-id=\"59d2b409\" data-element_type=\"widget\" data-e-type=\"widget\" data-widget_type=\"image.default\">\n\t\t\t\t<div class=\"elementor-widget-container\">\n\t\t\t\t\t\t\t\t\t\t\t\t\t\t\t<img decoding=\"async\" width=\"567\" height=\"567\" src=\"https:\/\/bizix.com.tr\/wp-content\/uploads\/2019\/08\/growing-plant.jpg\" class=\"attachment-large size-large wp-image-583\" alt=\"\" srcset=\"https:\/\/bizix.com.tr\/wp-content\/uploads\/2019\/08\/growing-plant.jpg 567w, https:\/\/bizix.com.tr\/wp-content\/uploads\/2019\/08\/growing-plant-150x150.jpg 150w, https:\/\/bizix.com.tr\/wp-content\/uploads\/2019\/08\/growing-plant-300x300.jpg 300w, https:\/\/bizix.com.tr\/wp-content\/uploads\/2019\/08\/growing-plant-12x12.jpg 12w\" sizes=\"(max-width: 567px) 100vw, 567px\" \/>\t\t\t\t\t\t\t\t\t\t\t\t\t\t\t<\/div>\n\t\t\t\t<\/div>\n\t\t\t\t<div class=\"elementor-element elementor-element-db554c4 elementor-widget elementor-widget-image-box\" data-id=\"db554c4\" data-element_type=\"widget\" data-e-type=\"widget\" data-widget_type=\"image-box.default\">\n\t\t\t\t<div class=\"elementor-widget-container\">\n\t\t\t\t\t<div class=\"elementor-image-box-wrapper\"><div class=\"elementor-image-box-content\"><h3 class=\"elementor-image-box-title\">GROWTH<\/h3><p class=\"elementor-image-box-description\">Facilitating growth and connections<\/p><\/div><\/div>\t\t\t\t<\/div>\n\t\t\t\t<\/div>\n\t\t\t\t\t<\/div>\n\t\t<\/div>\n\t\t\t\t<div class=\"elementor-column elementor-col-25 elementor-inner-column elementor-element elementor-element-86cb774\" data-id=\"86cb774\" data-element_type=\"column\" data-e-type=\"column\">\n\t\t\t<div class=\"elementor-widget-wrap elementor-element-populated\">\n\t\t\t\t\t\t<div class=\"elementor-element elementor-element-79abd92 elementor-widget elementor-widget-image\" data-id=\"79abd92\" data-element_type=\"widget\" data-e-type=\"widget\" data-widget_type=\"image.default\">\n\t\t\t\t<div class=\"elementor-widget-container\">\n\t\t\t\t\t\t\t\t\t\t\t\t\t\t\t<img loading=\"lazy\" decoding=\"async\" width=\"567\" height=\"567\" src=\"https:\/\/bizix.com.tr\/wp-content\/uploads\/2019\/08\/positive-energy-feat.jpg\" class=\"attachment-large size-large wp-image-584\" alt=\"\" srcset=\"https:\/\/bizix.com.tr\/wp-content\/uploads\/2019\/08\/positive-energy-feat.jpg 567w, https:\/\/bizix.com.tr\/wp-content\/uploads\/2019\/08\/positive-energy-feat-150x150.jpg 150w, https:\/\/bizix.com.tr\/wp-content\/uploads\/2019\/08\/positive-energy-feat-300x300.jpg 300w, https:\/\/bizix.com.tr\/wp-content\/uploads\/2019\/08\/positive-energy-feat-12x12.jpg 12w\" sizes=\"(max-width: 567px) 100vw, 567px\" \/>\t\t\t\t\t\t\t\t\t\t\t\t\t\t\t<\/div>\n\t\t\t\t<\/div>\n\t\t\t\t<div class=\"elementor-element elementor-element-3da1f5ac elementor-widget elementor-widget-image-box\" data-id=\"3da1f5ac\" data-element_type=\"widget\" data-e-type=\"widget\" data-widget_type=\"image-box.default\">\n\t\t\t\t<div class=\"elementor-widget-container\">\n\t\t\t\t\t<div class=\"elementor-image-box-wrapper\"><div class=\"elementor-image-box-content\"><h3 class=\"elementor-image-box-title\">VIBE<\/h3><p class=\"elementor-image-box-description\">Providing positivity and energy<\/p><\/div><\/div>\t\t\t\t<\/div>\n\t\t\t\t<\/div>\n\t\t\t\t\t<\/div>\n\t\t<\/div>\n\t\t\t\t\t<\/div>\n\t\t<\/section>\n\t\t\t\t\t<\/div>\n\t\t<\/div>\n\t\t\t\t\t<\/div>\n\t\t<\/section>\n\t\t\t\t<section class=\"elementor-section elementor-top-section elementor-element elementor-element-7f9f0e7 elementor-section-full_width elementor-section-height-min-height elementor-section-items-stretch elementor-section-content-middle elementor-section-height-default\" data-id=\"7f9f0e7\" data-element_type=\"section\" data-e-type=\"section\" data-settings=\"{&quot;background_background&quot;:&quot;classic&quot;}\">\n\t\t\t\t\t\t\t<div class=\"elementor-background-overlay\"><\/div>\n\t\t\t\t\t\t\t<div class=\"elementor-container elementor-column-gap-no\">\n\t\t\t\t\t<div class=\"elementor-column elementor-col-50 elementor-top-column elementor-element elementor-element-24339b3\" data-id=\"24339b3\" data-element_type=\"column\" data-e-type=\"column\" data-settings=\"{&quot;background_background&quot;:&quot;none&quot;}\">\n\t\t\t<div class=\"elementor-widget-wrap\">\n\t\t\t\t\t\t\t<\/div>\n\t\t<\/div>\n\t\t\t\t<div class=\"elementor-column elementor-col-50 elementor-top-column elementor-element elementor-element-4f6f6a2\" data-id=\"4f6f6a2\" data-element_type=\"column\" data-e-type=\"column\" data-settings=\"{&quot;background_background&quot;:&quot;classic&quot;}\">\n\t\t\t<div class=\"elementor-widget-wrap elementor-element-populated\">\n\t\t\t\t\t\t<div class=\"elementor-element elementor-element-9e1f04e elementor-position-left elementor-vertical-align-middle elementor-widget elementor-widget-image-box\" data-id=\"9e1f04e\" data-element_type=\"widget\" data-e-type=\"widget\" data-widget_type=\"image-box.default\">\n\t\t\t\t<div class=\"elementor-widget-container\">\n\t\t\t\t\t<div class=\"elementor-image-box-wrapper\"><figure class=\"elementor-image-box-img\"><img loading=\"lazy\" decoding=\"async\" width=\"960\" height=\"960\" src=\"https:\/\/bizix.com.tr\/wp-content\/uploads\/2023\/01\/mustafa.jpg\" class=\"attachment-full size-full wp-image-15697\" alt=\"\" srcset=\"https:\/\/bizix.com.tr\/wp-content\/uploads\/2023\/01\/mustafa.jpg 960w, https:\/\/bizix.com.tr\/wp-content\/uploads\/2023\/01\/mustafa-150x150.jpg 150w, https:\/\/bizix.com.tr\/wp-content\/uploads\/2023\/01\/mustafa-300x300.jpg 300w, https:\/\/bizix.com.tr\/wp-content\/uploads\/2023\/01\/mustafa-768x768.jpg 768w, https:\/\/bizix.com.tr\/wp-content\/uploads\/2023\/01\/mustafa-12x12.jpg 12w\" sizes=\"(max-width: 960px) 100vw, 960px\" \/><\/figure><div class=\"elementor-image-box-content\"><p class=\"elementor-image-box-description\">Merhaba,\n<p>\n25 y\u0131l\u0131 a\u015fk\u0131n s\u00fcre boyunca konaklama sekt\u00f6r\u00fcne hizmet ettim ve bu s\u00fcre zarf\u0131nda bir\u00e7ok insan\u0131 ve tesisleri y\u00f6nettim. \u0130nsanlara hizmet vermek benim tutkum ve topluma katk\u0131da bulunman\u0131n, kazand\u0131\u011f\u0131m\u0131 geri \u00f6demenin ve daha gen\u00e7 nesillerin geli\u015fimine yard\u0131mc\u0131 olman\u0131n \u00f6nemini biliyorum.\n<\/p><p>\nM\u00fc\u015fteri memnuniyetini her zaman en \u00f6n planda tutar\u0131m ve bu nedenle 7 g\u00fcn 24 saat m\u00fc\u015fteri hizmetleri hizmeti sunuyorum. Ayr\u0131ca pazarlama konusunda uzman\u0131m ve m\u00fczakere becerilerim sayesinde i\u015flerimi ba\u015far\u0131l\u0131 bir \u015fekilde y\u00fcr\u00fctebiliyorum.\n<\/p><p>\n\u0130\u015fime olan tutkum sayesinde, her zaman en iyisini yapmaya \u00e7al\u0131\u015f\u0131r\u0131m ve bu, m\u00fc\u015fterilerim taraf\u0131ndan takdir edilir. \u0130\u015fimde ba\u015far\u0131l\u0131 olman\u0131n anahtar\u0131, iyi bir ileti\u015fim kurmak, m\u00fc\u015fterilerimin ihtiya\u00e7lar\u0131n\u0131 anlamak ve onlar\u0131n beklentilerini a\u015fmakt\u0131r.\n<\/p><p>\nUmar\u0131m sizinle \u00e7al\u0131\u015fma f\u0131rsat\u0131 bulabilirim ve deneyimlerimle sizin i\u00e7in de faydal\u0131 olabilirim.\n<\/p><p>\nSayg\u0131lar\u0131mla,<\/br>\n<strong>Mustafa Fehmi \u00dcst\u00fcns\u00f6z<\/strong>\n<\/p><\/p><\/div><\/div>\t\t\t\t<\/div>\n\t\t\t\t<\/div>\n\t\t\t\t<div class=\"elementor-element elementor-element-6f4238f elementor-hidden-desktop elementor-hidden-tablet elementor-hidden-mobile elementor-widget elementor-widget-text-editor\" data-id=\"6f4238f\" data-element_type=\"widget\" data-e-type=\"widget\" data-widget_type=\"text-editor.default\">\n\t\t\t\t<div class=\"elementor-widget-container\">\n\t\t\t\t\t\t\t\t\t<p><a href=\"https:\/\/bizix.com.tr\/wp-content\/uploads\/2023\/04\/48991112982_gstcsurdurulebilirturizmegitimi-kb.pdf\" class=\"pdfemb-viewer\" style=\"\" data-width=\"max\" data-height=\"max\" data-toolbar=\"bottom\" data-toolbar-fixed=\"off\">S\u00fcrd\u00fcr\u00fclebilir Turizm E\u011fitimi Sertifikas\u0131<\/a><\/p>\t\t\t\t\t\t\t\t<\/div>\n\t\t\t\t<\/div>\n\t\t\t\t\t<\/div>\n\t\t<\/div>\n\t\t\t\t\t<\/div>\n\t\t<\/section>\n\t\t\t\t<\/div>","protected":false},"excerpt":{"rendered":"<p>Hikayemiz Tek sebebimiz mutlu, huzurlu, ba\u015far\u0131l\u0131 topluluklara katl\u0131da\u00a0bulunma iste\u011fi&#8230; \u201cHayalimiz ki\u015fisel b\u00fcy\u00fcmenin, yarat\u0131c\u0131l\u0131\u011f\u0131n, inovasyonun ve ba\u015far\u0131l\u0131 i\u015f giri\u015fimlerinin geli\u015fimine katk\u0131da bulunan toplumun ve i\u015fbirli\u011finin g\u00fcc\u00fcn\u00fc g\u00f6rmektir.\u201d\u00a0 Bizix SEBEPLER\u0130M\u0130Z Bizix, yenilik\u00e7ilik, yarat\u0131c\u0131l\u0131k, b\u00fcy\u00fcme ve ba\u011flant\u0131 kurmak i\u00e7in olu\u015fturulmu\u015f bir ortak \u00e7al\u0131\u015fma alan\u0131, bir i\u015f d\u00fcnyas\u0131d\u0131r. Birlikte daha iyi oldu\u011fumuza ve her bir ki\u015finin \/ i\u015fletmenin topluma [&hellip;]<\/p>\n","protected":false},"author":1,"featured_media":0,"parent":0,"menu_order":0,"comment_status":"closed","ping_status":"closed","template":"","meta":{"_joinchat":[],"footnotes":""},"class_list":["post-579","page","type-page","status-publish","hentry"],"_links":{"self":[{"href":"https:\/\/bizix.com.tr\/en\/wp-json\/wp\/v2\/pages\/579","targetHints":{"allow":["GET"]}}],"collection":[{"href":"https:\/\/bizix.com.tr\/en\/wp-json\/wp\/v2\/pages"}],"about":[{"href":"https:\/\/bizix.com.tr\/en\/wp-json\/wp\/v2\/types\/page"}],"author":[{"embeddable":true,"href":"https:\/\/bizix.com.tr\/en\/wp-json\/wp\/v2\/users\/1"}],"replies":[{"embeddable":true,"href":"https:\/\/bizix.com.tr\/en\/wp-json\/wp\/v2\/comments?post=579"}],"version-history":[{"count":3,"href":"https:\/\/bizix.com.tr\/en\/wp-json\/wp\/v2\/pages\/579\/revisions"}],"predecessor-version":[{"id":17913,"href":"https:\/\/bizix.com.tr\/en\/wp-json\/wp\/v2\/pages\/579\/revisions\/17913"}],"wp:attachment":[{"href":"https:\/\/bizix.com.tr\/en\/wp-json\/wp\/v2\/media?parent=579"}],"curies":[{"name":"wp","href":"https:\/\/api.w.org\/{rel}","templated":true}]}}